{"id":2419,"date":"2024-04-25T10:10:00","date_gmt":"2024-04-25T09:10:00","guid":{"rendered":"https:\/\/soniamunozpsicologia.com\/terapia-de-pareja\/"},"modified":"2024-05-21T10:25:06","modified_gmt":"2024-05-21T09:25:06","slug":"terapia-de-pareja","status":"publish","type":"page","link":"https:\/\/soniamunozpsicologia.com\/es\/terapia-de-pareja\/","title":{"rendered":"Terapia de pareja"},"content":{"rendered":"<p><div class=\"fusion-fullwidth fullwidth-box fusion-builder-row-1 fusion-flex-container has-pattern-background has-mask-background nonhundred-percent-fullwidth non-hundred-percent-height-scrolling\" style=\"--awb-border-color:var(--awb-color4);--awb-border-radius-top-left:0px;--awb-border-radius-top-right:0px;--awb-border-radius-bottom-right:0px;--awb-border-radius-bottom-left:0px;--awb-padding-bottom:40px;--awb-flex-wrap:wrap;\" ><div class=\"fusion-builder-row fusion-row fusion-flex-align-items-stretch fusion-flex-justify-content-space-around fusion-flex-content-wrap\" style=\"max-width:calc( 1300px + 0px );margin-left: calc(-0px \/ 2 );margin-right: calc(-0px \/ 2 );\"><div class=\"fusion-layout-column fusion_builder_column fusion-builder-column-0 fusion_builder_column_1_2 1_2 fusion-flex-column\" style=\"--awb-padding-top-medium:8vw;--awb-padding-bottom-medium:8vw;--awb-padding-top-small:10vh;--awb-padding-bottom-small:10vh;--awb-bg-size:cover;--awb-width-large:50%;--awb-margin-top-large:0px;--awb-spacing-right-large:0px;--awb-margin-bottom-large:0px;--awb-spacing-left-large:0px;--awb-width-medium:50%;--awb-order-medium:0;--awb-spacing-right-medium:0px;--awb-spacing-left-medium:0px;--awb-width-small:100%;--awb-order-small:1;--awb-spacing-right-small:0px;--awb-spacing-left-small:0px;\" data-scroll-devices=\"small-visibility,medium-visibility,large-visibility\"><div class=\"fusion-column-wrapper fusion-column-has-shadow fusion-flex-justify-content-center fusion-content-layout-column\"><div class=\"fusion-text fusion-text-1\" style=\"--awb-content-alignment:center;\"><p style=\"text-align: left;\">Una relaci\u00f3n de pareja es como una planta que hay que regar cada d\u00eda un poco. Ni demasiado, ni demasiado poco.<\/p>\n<p style=\"text-align: left;\">Si est\u00e1s pasando por una crisis de pareja, debes saber que es absolutamente normal. Vivir una crisis no quiere decir que la relaci\u00f3n deba terminarse. La terapia de pareja ayuda a poder comprender mejor la crisis, trabajarla y adquirir los recursos necesarios para superarla. Y sin duda fortalece a la pareja para afrontar de otro modo las siguientes crisis.<\/p>\n<\/div><\/div><\/div><div class=\"fusion-layout-column fusion_builder_column fusion-builder-column-1 fusion_builder_column_2_5 2_5 fusion-flex-column\" style=\"--awb-bg-position:center center;--awb-bg-size:cover;--awb-width-large:40%;--awb-margin-top-large:0px;--awb-spacing-right-large:0px;--awb-margin-bottom-large:0px;--awb-spacing-left-large:0px;--awb-width-medium:40%;--awb-order-medium:0;--awb-spacing-right-medium:0px;--awb-spacing-left-medium:0px;--awb-width-small:100%;--awb-order-small:0;--awb-spacing-right-small:0px;--awb-spacing-left-small:0px;\" data-scroll-devices=\"small-visibility,medium-visibility,large-visibility\"><div class=\"fusion-column-wrapper fusion-column-has-shadow fusion-flex-justify-content-center fusion-content-layout-column\"><div class=\"fusion-image-element \" style=\"text-align:center;--awb-caption-title-font-family:var(--h2_typography-font-family);--awb-caption-title-font-weight:var(--h2_typography-font-weight);--awb-caption-title-font-style:var(--h2_typography-font-style);--awb-caption-title-size:var(--h2_typography-font-size);--awb-caption-title-transform:var(--h2_typography-text-transform);--awb-caption-title-line-height:var(--h2_typography-line-height);--awb-caption-title-letter-spacing:var(--h2_typography-letter-spacing);\"><span class=\" fusion-imageframe imageframe-none imageframe-1 hover-type-none\"><img decoding=\"async\" width=\"1920\" height=\"1280\" title=\"parella-asexual\" src=\"https:\/\/soniamunozpsicologia.com\/wp-content\/uploads\/2024\/05\/parella-asexual.png\" data-orig-src=\"https:\/\/soniamunozpsicologia.com\/wp-content\/uploads\/2024\/05\/parella-asexual.png\" alt class=\"lazyload img-responsive wp-image-2402\" srcset=\"data:image\/svg+xml,%3Csvg%20xmlns%3D%27http%3A%2F%2Fwww.w3.org%2F2000%2Fsvg%27%20width%3D%271920%27%20height%3D%271280%27%20viewBox%3D%270%200%201920%201280%27%3E%3Crect%20width%3D%271920%27%20height%3D%271280%27%20fill-opacity%3D%220%22%2F%3E%3C%2Fsvg%3E\" data-srcset=\"https:\/\/soniamunozpsicologia.com\/wp-content\/uploads\/2024\/05\/parella-asexual-200x133.png 200w, https:\/\/soniamunozpsicologia.com\/wp-content\/uploads\/2024\/05\/parella-asexual-400x267.png 400w, https:\/\/soniamunozpsicologia.com\/wp-content\/uploads\/2024\/05\/parella-asexual-600x400.png 600w, https:\/\/soniamunozpsicologia.com\/wp-content\/uploads\/2024\/05\/parella-asexual-800x533.png 800w, https:\/\/soniamunozpsicologia.com\/wp-content\/uploads\/2024\/05\/parella-asexual-1200x800.png 1200w, https:\/\/soniamunozpsicologia.com\/wp-content\/uploads\/2024\/05\/parella-asexual.png 1920w\" data-sizes=\"auto\" data-orig-sizes=\"(max-width: 700px) 100vw, 600px\" \/><\/span><\/div><\/div><\/div><\/div><\/div><div class=\"fusion-fullwidth fullwidth-box fusion-builder-row-2 fusion-flex-container has-pattern-background has-mask-background nonhundred-percent-fullwidth non-hundred-percent-height-scrolling\" style=\"--awb-border-radius-top-left:0px;--awb-border-radius-top-right:0px;--awb-border-radius-bottom-right:0px;--awb-border-radius-bottom-left:0px;--awb-padding-top:5%;--awb-padding-bottom:3%;--awb-background-color:var(--awb-color2);--awb-flex-wrap:wrap;\" ><div class=\"fusion-builder-row fusion-row fusion-flex-align-items-stretch fusion-flex-justify-content-center fusion-flex-content-wrap\" style=\"max-width:1365px;margin-left: calc(-5% \/ 2 );margin-right: calc(-5% \/ 2 );\"><div class=\"fusion-layout-column fusion_builder_column fusion-builder-column-2 fusion_builder_column_1_2 1_2 fusion-flex-column fusion-animated\" style=\"--awb-padding-top-small:9vw;--awb-padding-right-small:4vw;--awb-padding-bottom-small:9vw;--awb-padding-left-small:4vw;--awb-overflow:hidden;--awb-bg-size:cover;--awb-border-radius:6px 6px 6px 6px;--awb-width-large:50%;--awb-margin-top-large:0px;--awb-spacing-right-large:4.75%;--awb-margin-bottom-large:0px;--awb-spacing-left-large:4.75%;--awb-width-medium:50%;--awb-order-medium:0;--awb-spacing-right-medium:4.75%;--awb-spacing-left-medium:4.75%;--awb-width-small:100%;--awb-order-small:0;--awb-spacing-right-small:2.375%;--awb-margin-bottom-small:6vw;--awb-spacing-left-small:2.375%;\" data-animationType=\"fadeInUp\" data-animationDuration=\"1.0\" data-animationOffset=\"top-into-view\" data-scroll-devices=\"small-visibility,medium-visibility,large-visibility\"><div class=\"fusion-column-wrapper fusion-column-has-shadow fusion-flex-justify-content-center fusion-content-layout-column\"><div class=\"fusion-text fusion-text-2\" style=\"--awb-content-alignment:center;--awb-font-size:17px;--awb-line-height:1.9;--awb-text-color:var(--awb-color6);\"><p>Si crees que:<\/p>\n<\/div><ul style=\"--awb-iconcolor:var(--awb-color8);--awb-textcolor:var(--awb-color8);--awb-line-height:27.2px;--awb-icon-width:27.2px;--awb-icon-height:27.2px;--awb-icon-margin:11.2px;--awb-content-margin:38.4px;\" class=\"fusion-checklist fusion-checklist-1 fusion-checklist-default type-icons\"><li class=\"fusion-li-item\" style=\"\"><span class=\"icon-wrapper circle-no\"><i class=\"fusion-li-icon fa-angle-right fas\" aria-hidden=\"true\"><\/i><\/span><div class=\"fusion-li-item-content\">\n<p>Te gustar\u00eda comunicarte de otra forma con tu pareja<\/p>\n<\/div><\/li><li class=\"fusion-li-item\" style=\"\"><span class=\"icon-wrapper circle-no\"><i class=\"fusion-li-icon fa-angle-right fas\" aria-hidden=\"true\"><\/i><\/span><div class=\"fusion-li-item-content\">\n<p>Sientes que la relaci\u00f3n est\u00e1 estancada en la rutina<\/p>\n<\/div><\/li><li class=\"fusion-li-item\" style=\"\"><span class=\"icon-wrapper circle-no\"><i class=\"fusion-li-icon fa-angle-right fas\" aria-hidden=\"true\"><\/i><\/span><div class=\"fusion-li-item-content\">\n<p>Desde que sois padres la relaci\u00f3n ha cambiado y no te gusta<\/p>\n<\/div><\/li><li class=\"fusion-li-item\" style=\"\"><span class=\"icon-wrapper circle-no\"><i class=\"fusion-li-icon fa-angle-right fas\" aria-hidden=\"true\"><\/i><\/span><div class=\"fusion-li-item-content\">\n<p>Tienes alguna dificultad en el \u00e1mbito sexual<\/p>\n<\/div><\/li><li class=\"fusion-li-item\" style=\"\"><span class=\"icon-wrapper circle-no\"><i class=\"fusion-li-icon fa-angle-right fas\" aria-hidden=\"true\"><\/i><\/span><div class=\"fusion-li-item-content\">\n<p>En la relaci\u00f3n ha habido alg\u00fan tipo de traici\u00f3n<\/p>\n<\/div><\/li><li class=\"fusion-li-item\" style=\"\"><span class=\"icon-wrapper circle-no\"><i class=\"fusion-li-icon fa-angle-right fas\" aria-hidden=\"true\"><\/i><\/span><div class=\"fusion-li-item-content\">\n<p>Has pensado en la ruptura algunas veces<\/p>\n<\/div><\/li><li class=\"fusion-li-item\" style=\"\"><span class=\"icon-wrapper circle-no\"><i class=\"fusion-li-icon fa-angle-right fas\" aria-hidden=\"true\"><\/i><\/span><div class=\"fusion-li-item-content\">\n<p>Hab\u00e9is vivido alguna situaci\u00f3n que no se est\u00e1 superando como pareja<\/p>\n<\/div><\/li><\/ul><\/div><\/div><div class=\"fusion-layout-column fusion_builder_column fusion-builder-column-3 fusion_builder_column_1_2 1_2 fusion-flex-column fusion-animated\" style=\"--awb-padding-top-small:9vw;--awb-padding-right-small:4vw;--awb-padding-bottom-small:9vw;--awb-padding-left-small:4vw;--awb-overflow:hidden;--awb-bg-size:cover;--awb-border-radius:6px 6px 6px 6px;--awb-width-large:50%;--awb-margin-top-large:0px;--awb-spacing-right-large:4.75%;--awb-margin-bottom-large:0px;--awb-spacing-left-large:4.75%;--awb-width-medium:50%;--awb-order-medium:0;--awb-spacing-right-medium:4.75%;--awb-spacing-left-medium:4.75%;--awb-width-small:100%;--awb-order-small:0;--awb-spacing-right-small:2.375%;--awb-margin-bottom-small:6vw;--awb-spacing-left-small:2.375%;\" data-animationType=\"fadeInUp\" data-animationDuration=\"1.0\" data-animationOffset=\"top-into-view\" data-scroll-devices=\"small-visibility,medium-visibility,large-visibility\"><div class=\"fusion-column-wrapper fusion-column-has-shadow fusion-flex-justify-content-flex-end fusion-content-layout-column\"><div class=\"fusion-text fusion-text-3\" style=\"--awb-content-alignment:center;--awb-font-size:17px;--awb-line-height:1.9;--awb-text-color:var(--awb-color8);\"><p style=\"text-align: left;\">\u00c9ste es tu espacio. La terapia de pareja no garantiza que todo cambie, pero s\u00ed que se pueda hablar y escuchar de otra manera en un espacio neutro y que se aprendan los recursos necesarios para mejorar y ganar en la calidad de pareja.<\/p>\n<p style=\"text-align: left;\">Por el contrario, si la decisi\u00f3n est\u00e1 tomada y est\u00e1is a punto de iniciar un proceso de separaci\u00f3n, tambi\u00e9n puede ser un espacio para garantizar que la ruptura se lleve de la mejor manera posible, tanto para vosotros como para todos los que le rodean.<\/p>\n<\/div><\/div><\/div><\/div><\/div><div class=\"fusion-fullwidth fullwidth-box fusion-builder-row-3 fusion-flex-container has-pattern-background has-mask-background nonhundred-percent-fullwidth non-hundred-percent-height-scrolling fusion-animated\" style=\"--link_color: var(--awb-color6);--awb-border-color:var(--awb-color4);--awb-border-radius-top-left:0px;--awb-border-radius-top-right:0px;--awb-border-radius-bottom-right:0px;--awb-border-radius-bottom-left:0px;--awb-padding-top:0px;--awb-padding-bottom:7vw;--awb-margin-top:60px;--awb-margin-bottom:0px;--awb-flex-wrap:wrap;\" data-animationType=\"fadeInUp\" data-animationDuration=\"1.0\" data-animationOffset=\"top-into-view\" ><div class=\"fusion-builder-row fusion-row fusion-flex-align-items-stretch fusion-flex-content-wrap\" style=\"max-width:1365px;margin-left: calc(-5% \/ 2 );margin-right: calc(-5% \/ 2 );\"><div class=\"fusion-layout-column fusion_builder_column fusion-builder-column-4 fusion_builder_column_2_5 2_5 fusion-flex-column\" style=\"--awb-overflow:hidden;--awb-bg-color:rgba(173,142,88,0.29);--awb-bg-color-hover:rgba(173,142,88,0.29);--awb-bg-position:center center;--awb-bg-size:cover;--awb-border-radius:6px 0px 0px 6px;--awb-width-large:40%;--awb-margin-top-large:0px;--awb-spacing-right-large:0px;--awb-margin-bottom-large:0px;--awb-spacing-left-large:5.9375%;--awb-width-medium:40%;--awb-order-medium:0;--awb-spacing-right-medium:0px;--awb-spacing-left-medium:5.9375%;--awb-width-small:16.666666666667%;--awb-order-small:0;--awb-spacing-right-small:0px;--awb-margin-bottom-small:6vw;--awb-spacing-left-small:14.25%;\" data-scroll-devices=\"small-visibility,medium-visibility,large-visibility\"><div class=\"fusion-column-wrapper fusion-column-has-shadow fusion-flex-justify-content-center fusion-content-layout-column\"><div class=\"fusion-title title fusion-title-1 fusion-sep-none fusion-title-center fusion-title-text fusion-title-size-two\" style=\"--awb-text-color:var(--awb-color1);--awb-margin-bottom:20px;--awb-font-size:80px;\"><h2 class=\"fusion-title-heading title-heading-center\" style=\"margin:0;font-size:1em;\">Contacta conmigo<\/h2><\/div><div class=\"fusion-image-element \" style=\"text-align:center;--awb-max-width:120px;--awb-caption-title-font-family:var(--h2_typography-font-family);--awb-caption-title-font-weight:var(--h2_typography-font-weight);--awb-caption-title-font-style:var(--h2_typography-font-style);--awb-caption-title-size:var(--h2_typography-font-size);--awb-caption-title-transform:var(--h2_typography-text-transform);--awb-caption-title-line-height:var(--h2_typography-line-height);--awb-caption-title-letter-spacing:var(--h2_typography-letter-spacing);\"><span class=\" fusion-imageframe imageframe-none imageframe-2 hover-type-none\"><img decoding=\"async\" width=\"457\" height=\"372\" title=\"terapia-parella-x\" src=\"https:\/\/soniamunozpsicologia.com\/wp-content\/uploads\/2024\/04\/terapia-parella-x.png\" data-orig-src=\"https:\/\/soniamunozpsicologia.com\/wp-content\/uploads\/2024\/04\/terapia-parella-x.png\" alt class=\"lazyload img-responsive wp-image-2385\" srcset=\"data:image\/svg+xml,%3Csvg%20xmlns%3D%27http%3A%2F%2Fwww.w3.org%2F2000%2Fsvg%27%20width%3D%27457%27%20height%3D%27372%27%20viewBox%3D%270%200%20457%20372%27%3E%3Crect%20width%3D%27457%27%20height%3D%27372%27%20fill-opacity%3D%220%22%2F%3E%3C%2Fsvg%3E\" data-srcset=\"https:\/\/soniamunozpsicologia.com\/wp-content\/uploads\/2024\/04\/terapia-parella-x-200x163.png 200w, https:\/\/soniamunozpsicologia.com\/wp-content\/uploads\/2024\/04\/terapia-parella-x-400x326.png 400w, https:\/\/soniamunozpsicologia.com\/wp-content\/uploads\/2024\/04\/terapia-parella-x.png 457w\" data-sizes=\"auto\" data-orig-sizes=\"(max-width: 700px) 100vw, 457px\" \/><\/span><\/div><\/div><\/div><div class=\"fusion-layout-column fusion_builder_column fusion-builder-column-5 fusion_builder_column_3_5 3_5 fusion-flex-column\" style=\"--awb-padding-top:5vh;--awb-padding-right:3vw;--awb-padding-bottom:2vh;--awb-padding-left:3vw;--awb-padding-top-medium:8vw;--awb-padding-bottom-medium:8vw;--awb-padding-top-small:7vh;--awb-padding-right-small:7vw;--awb-padding-bottom-small:7vh;--awb-padding-left-small:7vw;--awb-overflow:hidden;--awb-bg-color:rgba(171,214,202,0.72);--awb-bg-color-hover:rgba(171,214,202,0.72);--awb-bg-size:cover;--awb-border-radius:0px 6px 6px 0px;--awb-width-large:60%;--awb-margin-top-large:0px;--awb-spacing-right-large:3.9583333333333%;--awb-margin-bottom-large:0px;--awb-spacing-left-large:0px;--awb-width-medium:60%;--awb-order-medium:0;--awb-spacing-right-medium:3.9583333333333%;--awb-spacing-left-medium:0px;--awb-width-small:83.333333333333%;--awb-order-small:0;--awb-spacing-right-small:2.85%;--awb-margin-bottom-small:6vw;--awb-spacing-left-small:0px;\" data-scroll-devices=\"small-visibility,medium-visibility,large-visibility\"><div class=\"fusion-column-wrapper fusion-column-has-shadow fusion-flex-justify-content-flex-start fusion-content-layout-column\">\n<div class=\"wpcf7 no-js\" id=\"wpcf7-f2426-o1\" lang=\"ca\" dir=\"ltr\">\n<div class=\"screen-reader-response\"><p role=\"status\" aria-live=\"polite\" aria-atomic=\"true\"><\/p> <ul><\/ul><\/div>\n<form action=\"\/es\/wp-json\/wp\/v2\/pages\/2419#wpcf7-f2426-o1\" method=\"post\" class=\"wpcf7-form init\" aria-label=\"Formulari de contacte\" novalidate=\"novalidate\" data-status=\"init\">\n<div style=\"display: none;\">\n<input type=\"hidden\" name=\"_wpcf7\" value=\"2426\" \/>\n<input type=\"hidden\" name=\"_wpcf7_version\" value=\"5.9.3\" \/>\n<input type=\"hidden\" name=\"_wpcf7_locale\" value=\"ca\" \/>\n<input type=\"hidden\" name=\"_wpcf7_unit_tag\" value=\"wpcf7-f2426-o1\" \/>\n<input type=\"hidden\" name=\"_wpcf7_container_post\" value=\"0\" \/>\n<input type=\"hidden\" name=\"_wpcf7_posted_data_hash\" value=\"\" \/>\n<input type=\"hidden\" name=\"_wpcf7_recaptcha_response\" value=\"\" \/>\n<\/div>\n<p><label> Tu nombre<br \/>\n<span class=\"wpcf7-form-control-wrap\" data-name=\"your-name\"><input size=\"40\" class=\"wpcf7-form-control wpcf7-text wpcf7-validates-as-required\" autocomplete=\"name\" aria-required=\"true\" aria-invalid=\"false\" value=\"\" type=\"text\" name=\"your-name\" \/><\/span> <\/label>\n<\/p>\n<p><label> Tu tel\u00e9fono (contactar\u00e9 contigo v\u00eda Whatsapp)<br \/>\n<span class=\"wpcf7-form-control-wrap\" data-name=\"tel-276\"><input size=\"40\" class=\"wpcf7-form-control wpcf7-tel wpcf7-validates-as-required wpcf7-text wpcf7-validates-as-tel\" aria-required=\"true\" aria-invalid=\"false\" value=\"\" type=\"tel\" name=\"tel-276\" \/><\/span> <\/label>\n<\/p>\n<p><label> Mensaje<br \/>\n<span class=\"wpcf7-form-control-wrap\" data-name=\"your-message\"><input size=\"40\" class=\"wpcf7-form-control wpcf7-text\" aria-invalid=\"false\" value=\"\" type=\"text\" name=\"your-message\" \/><\/span> <\/label>\n<\/p>\n<p><span class=\"wpcf7-form-control-wrap\" data-name=\"acceptance-591\"><span class=\"wpcf7-form-control wpcf7-acceptance\"><span class=\"wpcf7-list-item\"><label><input type=\"checkbox\" name=\"acceptance-591\" value=\"1\" aria-invalid=\"false\" \/><span class=\"wpcf7-list-item-label\">He le\u00eddo y acepto <a href=\"\/es\/avis-legal\/\">el aviso legal<a> y la <a href=\"\/es\/politica-de-privadesa\/\">pol\u00edtica de privacidad<\/a><\/span><\/label><\/span><\/span><\/span>\n<\/p>\n<p><input class=\"wpcf7-form-control wpcf7-submit has-spinner\" type=\"submit\" value=\"Enviar\" \/>\n<\/p><div class=\"fusion-alert alert custom alert-custom fusion-alert-center wpcf7-response-output awb-alert-native-link-color alert-dismissable awb-alert-close-boxed\" style=\"--awb-border-size:1px;--awb-border-top-left-radius:0px;--awb-border-top-right-radius:0px;--awb-border-bottom-left-radius:0px;--awb-border-bottom-right-radius:0px;\" role=\"alert\"><div class=\"fusion-alert-content-wrapper\"><span class=\"fusion-alert-content\"><\/span><\/div><button type=\"button\" class=\"close toggle-alert\" data-dismiss=\"alert\" aria-label=\"Close\">&times;<\/button><\/div>\n<\/form>\n<\/div>\n<\/div><\/div><\/div><\/div><\/p>\n","protected":false},"excerpt":{"rendered":"","protected":false},"author":1,"featured_media":0,"parent":0,"menu_order":0,"comment_status":"closed","ping_status":"closed","template":"100-width.php","meta":{"content-type":"","footnotes":""},"class_list":["post-2419","page","type-page","status-publish","hentry"],"yoast_head":"<!-- This site is optimized with the Yoast SEO plugin v22.3 - https:\/\/yoast.com\/wordpress\/plugins\/seo\/ -->\n<title>Terapia de pareja - S\u00f2nia Mu\u00f1oz Psic\u00f2loga<\/title>\n<meta name=\"description\" content=\"Encuentra soporte emocional y estrategias eficaces para fortalecer tu v\u00ednculo con la Terapia de pareja. Terapia de pareja\" \/>\n<meta name=\"robots\" content=\"index, follow, max-snippet:-1, max-image-preview:large, max-video-preview:-1\" \/>\n<link rel=\"canonical\" href=\"https:\/\/soniamunozpsicologia.com\/es\/terapia-de-pareja\/\" \/>\n<meta property=\"og:locale\" content=\"es_ES\" \/>\n<meta property=\"og:type\" content=\"article\" \/>\n<meta property=\"og:title\" content=\"Terapia de pareja - S\u00f2nia Mu\u00f1oz Psic\u00f2loga\" \/>\n<meta property=\"og:description\" content=\"Encuentra soporte emocional y estrategias eficaces para fortalecer tu v\u00ednculo con la Terapia de pareja. Terapia de pareja\" \/>\n<meta property=\"og:url\" content=\"https:\/\/soniamunozpsicologia.com\/es\/terapia-de-pareja\/\" \/>\n<meta property=\"og:site_name\" content=\"S\u00f2nia Mu\u00f1oz Psic\u00f2loga\" \/>\n<meta property=\"article:modified_time\" content=\"2024-05-21T09:25:06+00:00\" \/>\n<meta name=\"twitter:card\" content=\"summary_large_image\" \/>\n<meta name=\"twitter:label1\" content=\"Tiempo de lectura\" \/>\n\t<meta name=\"twitter:data1\" content=\"2 minutos\" \/>\n<script type=\"application\/ld+json\" class=\"yoast-schema-graph\">{\"@context\":\"https:\/\/schema.org\",\"@graph\":[{\"@type\":\"WebPage\",\"@id\":\"https:\/\/soniamunozpsicologia.com\/es\/terapia-de-pareja\/\",\"url\":\"https:\/\/soniamunozpsicologia.com\/es\/terapia-de-pareja\/\",\"name\":\"Terapia de pareja - S\u00f2nia Mu\u00f1oz Psic\u00f2loga\",\"isPartOf\":{\"@id\":\"https:\/\/soniamunozpsicologia.com\/#website\"},\"datePublished\":\"2024-04-25T09:10:00+00:00\",\"dateModified\":\"2024-05-21T09:25:06+00:00\",\"description\":\"Encuentra soporte emocional y estrategias eficaces para fortalecer tu v\u00ednculo con la Terapia de pareja. Terapia de pareja\",\"breadcrumb\":{\"@id\":\"https:\/\/soniamunozpsicologia.com\/es\/terapia-de-pareja\/#breadcrumb\"},\"inLanguage\":\"es\",\"potentialAction\":[{\"@type\":\"ReadAction\",\"target\":[\"https:\/\/soniamunozpsicologia.com\/es\/terapia-de-pareja\/\"]}]},{\"@type\":\"BreadcrumbList\",\"@id\":\"https:\/\/soniamunozpsicologia.com\/es\/terapia-de-pareja\/#breadcrumb\",\"itemListElement\":[{\"@type\":\"ListItem\",\"position\":1,\"name\":\"Home\",\"item\":\"https:\/\/soniamunozpsicologia.com\/es\/\"},{\"@type\":\"ListItem\",\"position\":2,\"name\":\"Terapia de pareja\"}]},{\"@type\":\"WebSite\",\"@id\":\"https:\/\/soniamunozpsicologia.com\/#website\",\"url\":\"https:\/\/soniamunozpsicologia.com\/\",\"name\":\"S\u00f2nia Mu\u00f1oz Psic\u00f2loga\",\"description\":\"El teu cam\u00ed cap al benestar\",\"potentialAction\":[{\"@type\":\"SearchAction\",\"target\":{\"@type\":\"EntryPoint\",\"urlTemplate\":\"https:\/\/soniamunozpsicologia.com\/?s={search_term_string}\"},\"query-input\":\"required name=search_term_string\"}],\"inLanguage\":\"es\"}]}<\/script>\n<!-- \/ Yoast SEO plugin. -->","yoast_head_json":{"title":"Terapia de pareja - S\u00f2nia Mu\u00f1oz Psic\u00f2loga","description":"Encuentra soporte emocional y estrategias eficaces para fortalecer tu v\u00ednculo con la Terapia de pareja. Terapia de pareja","robots":{"index":"index","follow":"follow","max-snippet":"max-snippet:-1","max-image-preview":"max-image-preview:large","max-video-preview":"max-video-preview:-1"},"canonical":"https:\/\/soniamunozpsicologia.com\/es\/terapia-de-pareja\/","og_locale":"es_ES","og_type":"article","og_title":"Terapia de pareja - S\u00f2nia Mu\u00f1oz Psic\u00f2loga","og_description":"Encuentra soporte emocional y estrategias eficaces para fortalecer tu v\u00ednculo con la Terapia de pareja. Terapia de pareja","og_url":"https:\/\/soniamunozpsicologia.com\/es\/terapia-de-pareja\/","og_site_name":"S\u00f2nia Mu\u00f1oz Psic\u00f2loga","article_modified_time":"2024-05-21T09:25:06+00:00","twitter_card":"summary_large_image","twitter_misc":{"Tiempo de lectura":"2 minutos"},"schema":{"@context":"https:\/\/schema.org","@graph":[{"@type":"WebPage","@id":"https:\/\/soniamunozpsicologia.com\/es\/terapia-de-pareja\/","url":"https:\/\/soniamunozpsicologia.com\/es\/terapia-de-pareja\/","name":"Terapia de pareja - S\u00f2nia Mu\u00f1oz Psic\u00f2loga","isPartOf":{"@id":"https:\/\/soniamunozpsicologia.com\/#website"},"datePublished":"2024-04-25T09:10:00+00:00","dateModified":"2024-05-21T09:25:06+00:00","description":"Encuentra soporte emocional y estrategias eficaces para fortalecer tu v\u00ednculo con la Terapia de pareja. Terapia de pareja","breadcrumb":{"@id":"https:\/\/soniamunozpsicologia.com\/es\/terapia-de-pareja\/#breadcrumb"},"inLanguage":"es","potentialAction":[{"@type":"ReadAction","target":["https:\/\/soniamunozpsicologia.com\/es\/terapia-de-pareja\/"]}]},{"@type":"BreadcrumbList","@id":"https:\/\/soniamunozpsicologia.com\/es\/terapia-de-pareja\/#breadcrumb","itemListElement":[{"@type":"ListItem","position":1,"name":"Home","item":"https:\/\/soniamunozpsicologia.com\/es\/"},{"@type":"ListItem","position":2,"name":"Terapia de pareja"}]},{"@type":"WebSite","@id":"https:\/\/soniamunozpsicologia.com\/#website","url":"https:\/\/soniamunozpsicologia.com\/","name":"S\u00f2nia Mu\u00f1oz Psic\u00f2loga","description":"El teu cam\u00ed cap al benestar","potentialAction":[{"@type":"SearchAction","target":{"@type":"EntryPoint","urlTemplate":"https:\/\/soniamunozpsicologia.com\/?s={search_term_string}"},"query-input":"required name=search_term_string"}],"inLanguage":"es"}]}},"_links":{"self":[{"href":"https:\/\/soniamunozpsicologia.com\/es\/wp-json\/wp\/v2\/pages\/2419","targetHints":{"allow":["GET"]}}],"collection":[{"href":"https:\/\/soniamunozpsicologia.com\/es\/wp-json\/wp\/v2\/pages"}],"about":[{"href":"https:\/\/soniamunozpsicologia.com\/es\/wp-json\/wp\/v2\/types\/page"}],"author":[{"embeddable":true,"href":"https:\/\/soniamunozpsicologia.com\/es\/wp-json\/wp\/v2\/users\/1"}],"replies":[{"embeddable":true,"href":"https:\/\/soniamunozpsicologia.com\/es\/wp-json\/wp\/v2\/comments?post=2419"}],"version-history":[{"count":11,"href":"https:\/\/soniamunozpsicologia.com\/es\/wp-json\/wp\/v2\/pages\/2419\/revisions"}],"predecessor-version":[{"id":2493,"href":"https:\/\/soniamunozpsicologia.com\/es\/wp-json\/wp\/v2\/pages\/2419\/revisions\/2493"}],"wp:attachment":[{"href":"https:\/\/soniamunozpsicologia.com\/es\/wp-json\/wp\/v2\/media?parent=2419"}],"curies":[{"name":"wp","href":"https:\/\/api.w.org\/{rel}","templated":true}]}}