{"id":2442,"date":"2024-04-17T09:15:25","date_gmt":"2024-04-17T08:15:25","guid":{"rendered":"https:\/\/soniamunozpsicologia.com\/sonia-munoz\/"},"modified":"2025-09-03T15:18:04","modified_gmt":"2025-09-03T14:18:04","slug":"sonia-munoz","status":"publish","type":"page","link":"https:\/\/soniamunozpsicologia.com\/es\/sonia-munoz\/","title":{"rendered":"S\u00f2nia Mu\u00f1oz"},"content":{"rendered":"<p><div class=\"fusion-fullwidth fullwidth-box fusion-builder-row-1 fusion-flex-container has-pattern-background has-mask-background hundred-percent-fullwidth non-hundred-percent-height-scrolling\" style=\"--awb-border-color:var(--awb-color4);--awb-border-radius-top-left:0px;--awb-border-radius-top-right:0px;--awb-border-radius-bottom-right:0px;--awb-border-radius-bottom-left:0px;--awb-padding-top:0px;--awb-padding-right:0px;--awb-padding-bottom:0px;--awb-padding-left:0px;--awb-padding-right-small:10%;--awb-padding-left-small:10%;--awb-margin-bottom:0px;--awb-flex-wrap:wrap;\" ><div class=\"fusion-builder-row fusion-row fusion-flex-align-items-stretch fusion-flex-content-wrap\" style=\"width:calc( 100% + 0px ) !important;max-width:calc( 100% + 0px ) !important;margin-left: calc(-0px \/ 2 );margin-right: calc(-0px \/ 2 );\"><div class=\"fusion-layout-column fusion_builder_column fusion-builder-column-0 fusion_builder_column_1_2 1_2 fusion-flex-column\" style=\"--awb-padding-top:15vh;--awb-padding-right:8vw;--awb-padding-bottom:8vh;--awb-padding-left:30%;--awb-padding-top-medium:8vw;--awb-padding-right-medium:10%;--awb-padding-bottom-medium:8vw;--awb-padding-left-medium:10%;--awb-padding-top-small:10%;--awb-padding-right-small:0%;--awb-padding-bottom-small:0vh;--awb-padding-left-small:0%;--awb-bg-color:var(--awb-color1);--awb-bg-color-hover:var(--awb-color1);--awb-bg-size:cover;--awb-width-large:50%;--awb-margin-top-large:0px;--awb-spacing-right-large:0px;--awb-margin-bottom-large:0px;--awb-spacing-left-large:0px;--awb-width-medium:50%;--awb-order-medium:0;--awb-spacing-right-medium:0px;--awb-spacing-left-medium:0px;--awb-width-small:100%;--awb-order-small:1;--awb-spacing-right-small:0px;--awb-margin-bottom-small:0px;--awb-spacing-left-small:0px;\" data-scroll-devices=\"small-visibility,medium-visibility,large-visibility\"><div class=\"fusion-column-wrapper fusion-column-has-shadow fusion-flex-justify-content-flex-start fusion-content-layout-column\"><div class=\"fusion-title title fusion-title-1 fusion-sep-none fusion-title-center fusion-title-text fusion-title-size-one\" style=\"--awb-font-size:105px;\"><h1 class=\"fusion-title-heading title-heading-center\" style=\"margin:0;font-size:1em;\">S\u00f2nia Mu\u00f1oz<\/h1><\/div><div class=\"fusion-text fusion-text-1\" style=\"--awb-content-alignment:left;\"><p>Soy <strong>S\u00f2nia Mu\u00f1oz<\/strong>, <strong>psic\u00f3loga<\/strong> con reconocimiento sanitario. Soy especialista en terapia de parejas y acompa\u00f1o a personas adolescentes y adultas a sentirse mejor con ellas y con lo que les rodea.<\/p>\n<\/div><\/div><\/div><div class=\"fusion-layout-column fusion_builder_column fusion-builder-column-1 fusion_builder_column_1_2 1_2 fusion-flex-column fusion-no-small-visibility\" style=\"--awb-bg-position:center center;--awb-bg-size:cover;--awb-width-large:50%;--awb-margin-top-large:0px;--awb-spacing-right-large:0px;--awb-margin-bottom-large:0px;--awb-spacing-left-large:0px;--awb-width-medium:50%;--awb-order-medium:0;--awb-spacing-right-medium:0px;--awb-spacing-left-medium:0px;--awb-width-small:100%;--awb-order-small:0;--awb-spacing-right-small:0px;--awb-spacing-left-small:0px;\" data-scroll-devices=\"small-visibility,medium-visibility,large-visibility\"><div class=\"fusion-column-wrapper lazyload fusion-column-has-shadow fusion-flex-justify-content-flex-start fusion-content-layout-column fusion-empty-column-bg-image fusion-column-has-bg-image\" data-bg-url=\"https:\/\/soniamunozpsicologia.com\/wp-content\/uploads\/2024\/04\/Sonia-munoz-psicologia-1-1.jpg\" data-bg=\"https:\/\/soniamunozpsicologia.com\/wp-content\/uploads\/2024\/04\/Sonia-munoz-psicologia-1-1.jpg\"><img decoding=\"async\" class=\"fusion-empty-dims-img-placeholder fusion-no-large-visibility fusion-no-medium-visibility\" src=\"data:image\/svg+xml,%3Csvg%20xmlns%3D%27http%3A%2F%2Fwww.w3.org%2F2000%2Fsvg%27%20width%3D%271665%27%20height%3D%271396%27%20viewBox%3D%270%200%201665%201396%27%3E%3Crect%20width%3D%271665%27%20height%3D%271396%27%20fill-opacity%3D%220%22%2F%3E%3C%2Fsvg%3E\"><\/div><\/div><div class=\"fusion-layout-column fusion_builder_column fusion-builder-column-2 fusion_builder_column_1_2 1_2 fusion-flex-column fusion-no-medium-visibility fusion-no-large-visibility\" style=\"--awb-bg-position:center center;--awb-bg-size:cover;--awb-width-large:50%;--awb-margin-top-large:0px;--awb-spacing-right-large:0px;--awb-margin-bottom-large:0px;--awb-spacing-left-large:0px;--awb-width-medium:50%;--awb-order-medium:0;--awb-spacing-right-medium:0px;--awb-spacing-left-medium:0px;--awb-width-small:100%;--awb-order-small:0;--awb-spacing-right-small:0px;--awb-spacing-left-small:0px;\" data-scroll-devices=\"small-visibility,medium-visibility,large-visibility\"><div class=\"fusion-column-wrapper fusion-column-has-shadow fusion-flex-justify-content-center fusion-content-layout-column\"><div class=\"fusion-image-element \" style=\"text-align:center;--awb-caption-title-font-family:var(--h2_typography-font-family);--awb-caption-title-font-weight:var(--h2_typography-font-weight);--awb-caption-title-font-style:var(--h2_typography-font-style);--awb-caption-title-size:var(--h2_typography-font-size);--awb-caption-title-transform:var(--h2_typography-text-transform);--awb-caption-title-line-height:var(--h2_typography-line-height);--awb-caption-title-letter-spacing:var(--h2_typography-letter-spacing);\"><span class=\" fusion-imageframe imageframe-none imageframe-1 hover-type-none\"><img decoding=\"async\" width=\"300\" height=\"252\" alt=\"S\u00f2nia Mu\u00f1oz, psic\u00f2loga amb reconeixement sanitari i especialista en ter\u00e0pia de parelles.\" title=\"Sonia-munoz-psicologia-1\" src=\"https:\/\/soniamunozpsicologia.com\/wp-content\/uploads\/2024\/04\/Sonia-munoz-psicologia-1-1.jpg\" data-orig-src=\"https:\/\/soniamunozpsicologia.com\/wp-content\/uploads\/2024\/04\/Sonia-munoz-psicologia-1-1-300x252.jpg\" class=\"lazyload img-responsive wp-image-2395\" srcset=\"data:image\/svg+xml,%3Csvg%20xmlns%3D%27http%3A%2F%2Fwww.w3.org%2F2000%2Fsvg%27%20width%3D%271665%27%20height%3D%271396%27%20viewBox%3D%270%200%201665%201396%27%3E%3Crect%20width%3D%271665%27%20height%3D%271396%27%20fill-opacity%3D%220%22%2F%3E%3C%2Fsvg%3E\" data-srcset=\"https:\/\/soniamunozpsicologia.com\/wp-content\/uploads\/2024\/04\/Sonia-munoz-psicologia-1-1-200x168.jpg 200w, https:\/\/soniamunozpsicologia.com\/wp-content\/uploads\/2024\/04\/Sonia-munoz-psicologia-1-1-400x335.jpg 400w, https:\/\/soniamunozpsicologia.com\/wp-content\/uploads\/2024\/04\/Sonia-munoz-psicologia-1-1-600x503.jpg 600w, https:\/\/soniamunozpsicologia.com\/wp-content\/uploads\/2024\/04\/Sonia-munoz-psicologia-1-1-800x671.jpg 800w, https:\/\/soniamunozpsicologia.com\/wp-content\/uploads\/2024\/04\/Sonia-munoz-psicologia-1-1-1200x1006.jpg 1200w, https:\/\/soniamunozpsicologia.com\/wp-content\/uploads\/2024\/04\/Sonia-munoz-psicologia-1-1.jpg 1665w\" data-sizes=\"auto\" data-orig-sizes=\"(max-width: 700px) 100vw, 800px\" \/><\/span><\/div><\/div><\/div><\/div><\/div><div class=\"fusion-fullwidth fullwidth-box fusion-builder-row-2 fusion-flex-container has-pattern-background has-mask-background hundred-percent-fullwidth non-hundred-percent-height-scrolling\" style=\"--awb-background-position:center top;--awb-background-repeat:repeat-x;--awb-border-sizes-left:3vw;--awb-border-sizes-right:3vw;--awb-border-color:var(--awb-color1);--awb-border-radius-top-left:0px;--awb-border-radius-top-right:0px;--awb-border-radius-bottom-right:0px;--awb-border-radius-bottom-left:0px;--awb-padding-top:1vw;--awb-padding-right:15%;--awb-padding-bottom:0px;--awb-padding-left:15%;--awb-padding-right-medium:10%;--awb-padding-bottom-medium:8vw;--awb-padding-left-medium:10%;--awb-padding-right-small:10%;--awb-padding-bottom-small:14vw;--awb-padding-left-small:10%;--awb-margin-bottom:0px;--awb-flex-wrap:wrap;\" ><div class=\"fusion-builder-row fusion-row fusion-flex-align-items-center fusion-flex-content-wrap\" style=\"width:calc( 100% + 7vw ) !important;max-width:calc( 100% + 7vw ) !important;margin-left: calc(-7vw \/ 2 );margin-right: calc(-7vw \/ 2 );\"><div class=\"fusion-layout-column fusion_builder_column fusion-builder-column-3 fusion_builder_column_1_1 1_1 fusion-flex-column fusion-animated\" style=\"--awb-bg-size:cover;--awb-width-large:100%;--awb-margin-top-large:0px;--awb-spacing-right-large:0px;--awb-margin-bottom-large:0px;--awb-spacing-left-large:0px;--awb-width-medium:100%;--awb-order-medium:0;--awb-spacing-right-medium:0px;--awb-spacing-left-medium:0px;--awb-width-small:100%;--awb-order-small:0;--awb-spacing-right-small:3.5vw;--awb-margin-bottom-small:9vw;--awb-spacing-left-small:3.5vw;\" data-animationType=\"fadeInUp\" data-animationDuration=\"1.3\" data-animationOffset=\"top-into-view\" data-scroll-devices=\"small-visibility,medium-visibility,large-visibility\"><div class=\"fusion-column-wrapper fusion-column-has-shadow fusion-flex-justify-content-center fusion-content-layout-column\"><div class=\"fusion-text fusion-text-2 awb-text-cols fusion-text-columns-2 fusion-no-small-visibility fusion-no-medium-visibility\" style=\"--awb-content-alignment:left;--awb-font-size:17px;--awb-text-color:var(--awb-color6);--awb-columns:2;--awb-column-spacing:2em;--awb-column-min-width:100px;\"><p>Hace veinte a\u00f1os que me dedico al mundo de la psicolog\u00eda. Mis primeros a\u00f1os los us\u00e9 para seguir form\u00e1ndome y me licenci\u00e9 en Criminolog\u00eda y me especialic\u00e9 en Psicolog\u00eda Forense. Compagin\u00e9 esta \u00e9poca formativa trabajando en el \u00e1mbito de la formaci\u00f3n psicoeducativa. Recorr\u00ed muchas escuelas haciendo talleres de salud y bienestar mental por los alumnos y tambi\u00e9n por los padres y madres.<\/p>\n<p>Al cabo de unos a\u00f1os me incorpor\u00e9 al \u00e1mbito penal, trabajando concretamente en temas de violencia en diferentes especialidades.<\/p>\n<p>Por temas personales, empec\u00e9 la pr\u00e1ctica privada, a la que hace diez a\u00f1os que me dedico, convirti\u00e9ndose poco a poco en mi trabajo. Me especialic\u00e9 en terapia de pareja y actualmente atiendo a parejas, personas adultas y adolescentes.<\/p>\n<p>Intento compaginar siempre que puedo, la consulta privada con la formaci\u00f3n y sigo haciendo talleres en escuelas, ya sea a alumnos, a profesores oa padres y madres, as\u00ed como a entidades y organizaciones que quieran mejorar el bienestar mental de las personas.<\/p>\n<\/div><div class=\"fusion-text fusion-text-3 fusion-no-large-visibility\" style=\"--awb-content-alignment:left;--awb-font-size:17px;--awb-text-color:var(--awb-color6);\"><p>Hace veinte a\u00f1os que me dedico al mundo de la psicolog\u00eda. Mis primeros a\u00f1os los us\u00e9 para seguir form\u00e1ndome y me licenci\u00e9 en Criminolog\u00eda y me especialic\u00e9 en Psicolog\u00eda Forense. Compagin\u00e9 esta \u00e9poca formativa trabajando en el \u00e1mbito de la formaci\u00f3n psicoeducativa. Recorr\u00ed muchas escuelas haciendo talleres de salud y bienestar mental por los alumnos y tambi\u00e9n por los padres y madres.<\/p>\n<p>Al cabo de unos a\u00f1os me incorpor\u00e9 al \u00e1mbito penal, trabajando concretamente en temas de violencia en diferentes especialidades.<\/p>\n<p>Por temas personales, empec\u00e9 la pr\u00e1ctica privada, a la que hace diez a\u00f1os que me dedico, convirti\u00e9ndose poco a poco en mi trabajo. Me especialic\u00e9 en terapia de pareja y actualmente atiendo a parejas, personas adultas y adolescentes.<\/p>\n<p>Intento compaginar siempre que puedo, la consulta privada con la formaci\u00f3n y sigo haciendo talleres en escuelas, ya sea a alumnos, a profesores oa padres y madres, as\u00ed como a entidades y organizaciones que quieran mejorar el bienestar mental de las personas.<\/p>\n<\/div><div style=\"text-align:center;\"><a class=\"fusion-button button-flat button-xlarge button-custom fusion-button-default button-1 fusion-button-default-span fusion-button-default-type\" style=\"--button_accent_color:var(--awb-color5);--button_border_color:var(--awb-color5);--button_accent_hover_color:var(--awb-color5);--button_border_hover_color:var(--awb-color5);--button_border_width-top:1px;--button_border_width-right:1px;--button_border_width-bottom:1px;--button_border_width-left:1px;--button_gradient_top_color:var(--awb-color7);--button_gradient_bottom_color:var(--awb-color7);--button_gradient_top_color_hover:var(--awb-color1);--button_gradient_bottom_color_hover:var(--awb-color1);--button_margin-top:40px;\" target=\"_self\" href=\"https:\/\/soniamunozpsicologia.com\/es\/#serveis\"><span class=\"fusion-button-text\">ver servicios<\/span><\/a><\/div><\/div><\/div><\/div><\/div><div class=\"fusion-fullwidth fullwidth-box fusion-builder-row-3 fusion-flex-container has-pattern-background has-mask-background nonhundred-percent-fullwidth non-hundred-percent-height-scrolling\" style=\"--awb-border-radius-top-left:0px;--awb-border-radius-top-right:0px;--awb-border-radius-bottom-right:0px;--awb-border-radius-bottom-left:0px;--awb-padding-top:60px;--awb-padding-right:3vw;--awb-padding-bottom:7.390599999999999px;--awb-padding-left:3vw;--awb-padding-top-small:9vw;--awb-padding-right-small:34.9062px;--awb-padding-bottom-small:9vw;--awb-padding-left-small:33.9062px;--awb-background-color:var(--awb-color1);--awb-flex-wrap:wrap;\" ><div class=\"fusion-builder-row fusion-row fusion-flex-align-items-center fusion-flex-justify-content-center fusion-flex-content-wrap\" style=\"max-width:calc( 1300px + 0px );margin-left: calc(-0px \/ 2 );margin-right: calc(-0px \/ 2 );\"><div class=\"fusion-layout-column fusion_builder_column fusion-builder-column-4 fusion_builder_column_1_2 1_2 fusion-flex-column\" style=\"--awb-bg-size:cover;--awb-width-large:50%;--awb-margin-top-large:0px;--awb-spacing-right-large:0px;--awb-margin-bottom-large:20px;--awb-spacing-left-large:0px;--awb-width-medium:40%;--awb-order-medium:2;--awb-spacing-right-medium:0px;--awb-spacing-left-medium:0px;--awb-width-small:100%;--awb-order-small:2;--awb-spacing-right-small:0px;--awb-spacing-left-small:0px;\" data-scroll-devices=\"small-visibility,medium-visibility,large-visibility\"><div class=\"fusion-column-wrapper fusion-column-has-shadow fusion-flex-justify-content-flex-start fusion-content-layout-column\"><div class=\"fusion-image-element \" style=\"--awb-caption-title-font-family:var(--h2_typography-font-family);--awb-caption-title-font-weight:var(--h2_typography-font-weight);--awb-caption-title-font-style:var(--h2_typography-font-style);--awb-caption-title-size:var(--h2_typography-font-size);--awb-caption-title-transform:var(--h2_typography-text-transform);--awb-caption-title-line-height:var(--h2_typography-line-height);--awb-caption-title-letter-spacing:var(--h2_typography-letter-spacing);\"><span class=\" fusion-imageframe imageframe-none imageframe-2 hover-type-none\"><img decoding=\"async\" width=\"1000\" height=\"1000\" title=\"Psychology-&#038;-Mental-Healthx\" src=\"https:\/\/soniamunozpsicologia.com\/wp-content\/uploads\/2024\/04\/Psychology-Mental-Healthx.png\" data-orig-src=\"https:\/\/soniamunozpsicologia.com\/wp-content\/uploads\/2024\/04\/Psychology-Mental-Healthx.png\" alt class=\"lazyload img-responsive wp-image-2381\" srcset=\"data:image\/svg+xml,%3Csvg%20xmlns%3D%27http%3A%2F%2Fwww.w3.org%2F2000%2Fsvg%27%20width%3D%271000%27%20height%3D%271000%27%20viewBox%3D%270%200%201000%201000%27%3E%3Crect%20width%3D%271000%27%20height%3D%271000%27%20fill-opacity%3D%220%22%2F%3E%3C%2Fsvg%3E\" data-srcset=\"https:\/\/soniamunozpsicologia.com\/wp-content\/uploads\/2024\/04\/Psychology-Mental-Healthx-200x200.png 200w, https:\/\/soniamunozpsicologia.com\/wp-content\/uploads\/2024\/04\/Psychology-Mental-Healthx-400x400.png 400w, https:\/\/soniamunozpsicologia.com\/wp-content\/uploads\/2024\/04\/Psychology-Mental-Healthx-600x600.png 600w, https:\/\/soniamunozpsicologia.com\/wp-content\/uploads\/2024\/04\/Psychology-Mental-Healthx-800x800.png 800w, https:\/\/soniamunozpsicologia.com\/wp-content\/uploads\/2024\/04\/Psychology-Mental-Healthx.png 1000w\" data-sizes=\"auto\" data-orig-sizes=\"(max-width: 700px) 100vw, 800px\" \/><\/span><\/div><\/div><\/div><div class=\"fusion-layout-column fusion_builder_column fusion-builder-column-5 fusion_builder_column_2_5 2_5 fusion-flex-column fusion-animated\" style=\"--awb-padding-top:86.6875px;--awb-padding-right:76.688px;--awb-padding-bottom:57.6875px;--awb-padding-left:82.68799999999999px;--awb-padding-top-small:11vw;--awb-padding-right-small:23.875px;--awb-padding-bottom-small:11vw;--awb-padding-left-small:23.875px;--awb-overflow:hidden;--awb-bg-size:cover;--awb-border-radius:6px 6px 6px 6px;--awb-width-large:40%;--awb-margin-top-large:0px;--awb-spacing-right-large:0px;--awb-margin-bottom-large:0px;--awb-spacing-left-large:0px;--awb-width-medium:60%;--awb-order-medium:1;--awb-spacing-right-medium:0px;--awb-spacing-left-medium:0px;--awb-width-small:100%;--awb-order-small:1;--awb-spacing-right-small:0px;--awb-spacing-left-small:0px;\" data-animationType=\"fadeInUp\" data-animationDuration=\"1.5\" data-animationOffset=\"top-into-view\" data-scroll-devices=\"small-visibility,medium-visibility,large-visibility\"><div class=\"fusion-column-wrapper fusion-column-has-shadow fusion-flex-justify-content-center fusion-content-layout-column\"><div class=\"fusion-title title fusion-title-2 fusion-no-small-visibility fusion-sep-none fusion-title-center fusion-title-text fusion-title-size-two\" style=\"--awb-text-color:var(--awb-color5);--awb-margin-bottom:0px;--awb-font-size:110px;\"><h2 class=\"fusion-title-heading title-heading-center\" style=\"margin:0;font-size:1em;line-height:0.8em;\">Contacta conmigo<\/h2><\/div><div class=\"fusion-title title fusion-title-3 fusion-sep-none fusion-title-center fusion-title-text fusion-title-size-two\" style=\"--awb-text-color:var(--awb-color5);--awb-margin-bottom:0px;--awb-font-size:90px;\"><h2 class=\"fusion-title-heading title-heading-center\" style=\"margin:0;font-size:1em;line-height:0.8em;\">Contacta conmigo<\/h2><\/div><div class=\"fusion-separator\" style=\"align-self: center;margin-left: auto;margin-right: auto;margin-top:0%;margin-bottom:2%;width:100%;max-width:30%;\"><div class=\"fusion-separator-border sep-single sep-solid\" style=\"--awb-height:20px;--awb-amount:20px;--awb-sep-color:var(--awb-color5);border-color:var(--awb-color5);border-top-width:1px;\"><\/div><\/div><div class=\"fusion-title title fusion-title-4 fusion-sep-none fusion-title-center fusion-title-text fusion-title-size-three\" style=\"--awb-text-color:var(--awb-color6);--awb-margin-bottom:25px;--awb-font-size:20px;\"><h3 class=\"fusion-title-heading title-heading-center\" style=\"font-family:&quot;Montserrat&quot;;font-style:normal;font-weight:400;margin:0;font-size:1em;letter-spacing:1px;text-transform:none;line-height:1.3em;\">Si quieres concertar cita, si quieres resolver dudas u otras cuestiones<\/h3><\/div><div style=\"text-align:center;\"><a class=\"fusion-button button-flat button-xlarge button-default fusion-button-default button-2 fusion-button-span-yes fusion-button-default-type\" style=\"--button_text_transform:uppercase;--button_typography-letter-spacing:2px;--button_typography-font-family:&quot;Montserrat&quot;;--button_typography-font-style:normal;--button_typography-font-weight:600;\" target=\"_self\" href=\"https:\/\/soniamunozpsicologia.com\/es\/contacta\/\"><span class=\"fusion-button-text\">CONTACTA<\/span><\/a><\/div><\/div><\/div><\/div><\/div>\n<\/p>\n","protected":false},"excerpt":{"rendered":"","protected":false},"author":1,"featured_media":0,"parent":0,"menu_order":0,"comment_status":"closed","ping_status":"closed","template":"100-width.php","meta":{"content-type":"","footnotes":""},"class_list":["post-2442","page","type-page","status-publish","hentry"],"yoast_head":"<!-- This site is optimized with the Yoast SEO plugin v22.3 - https:\/\/yoast.com\/wordpress\/plugins\/seo\/ -->\n<title>Especialista en terapia de parejas - S\u00f2nia Mu\u00f1oz Psic\u00f2loga<\/title>\n<meta name=\"description\" content=\"Soy S\u00f2nia Mu\u00f1oz, especialista en terapia de parejas y acompa\u00f1o a personas adolescentes y adultas a sentirse mejor con ellas mismas.\" \/>\n<meta name=\"robots\" content=\"index, follow, max-snippet:-1, max-image-preview:large, max-video-preview:-1\" \/>\n<link rel=\"canonical\" href=\"https:\/\/soniamunozpsicologia.com\/es\/sonia-munoz\/\" \/>\n<meta property=\"og:locale\" content=\"es_ES\" \/>\n<meta property=\"og:type\" content=\"article\" \/>\n<meta property=\"og:title\" content=\"Especialista en terapia de parejas - S\u00f2nia Mu\u00f1oz Psic\u00f2loga\" \/>\n<meta property=\"og:description\" content=\"Soy S\u00f2nia Mu\u00f1oz, especialista en terapia de parejas y acompa\u00f1o a personas adolescentes y adultas a sentirse mejor con ellas mismas.\" \/>\n<meta property=\"og:url\" content=\"https:\/\/soniamunozpsicologia.com\/es\/sonia-munoz\/\" \/>\n<meta property=\"og:site_name\" content=\"S\u00f2nia Mu\u00f1oz Psic\u00f2loga\" \/>\n<meta property=\"article:modified_time\" content=\"2025-09-03T14:18:04+00:00\" \/>\n<meta name=\"twitter:card\" content=\"summary_large_image\" \/>\n<meta name=\"twitter:label1\" content=\"Tiempo de lectura\" \/>\n\t<meta name=\"twitter:data1\" content=\"3 minutos\" \/>\n<script type=\"application\/ld+json\" class=\"yoast-schema-graph\">{\"@context\":\"https:\/\/schema.org\",\"@graph\":[{\"@type\":\"WebPage\",\"@id\":\"https:\/\/soniamunozpsicologia.com\/es\/sonia-munoz\/\",\"url\":\"https:\/\/soniamunozpsicologia.com\/es\/sonia-munoz\/\",\"name\":\"Especialista en terapia de parejas - S\u00f2nia Mu\u00f1oz Psic\u00f2loga\",\"isPartOf\":{\"@id\":\"https:\/\/soniamunozpsicologia.com\/#website\"},\"datePublished\":\"2024-04-17T08:15:25+00:00\",\"dateModified\":\"2025-09-03T14:18:04+00:00\",\"description\":\"Soy S\u00f2nia Mu\u00f1oz, especialista en terapia de parejas y acompa\u00f1o a personas adolescentes y adultas a sentirse mejor con ellas mismas.\",\"breadcrumb\":{\"@id\":\"https:\/\/soniamunozpsicologia.com\/es\/sonia-munoz\/#breadcrumb\"},\"inLanguage\":\"es\",\"potentialAction\":[{\"@type\":\"ReadAction\",\"target\":[\"https:\/\/soniamunozpsicologia.com\/es\/sonia-munoz\/\"]}]},{\"@type\":\"BreadcrumbList\",\"@id\":\"https:\/\/soniamunozpsicologia.com\/es\/sonia-munoz\/#breadcrumb\",\"itemListElement\":[{\"@type\":\"ListItem\",\"position\":1,\"name\":\"Home\",\"item\":\"https:\/\/soniamunozpsicologia.com\/es\/\"},{\"@type\":\"ListItem\",\"position\":2,\"name\":\"S\u00f2nia Mu\u00f1oz\"}]},{\"@type\":\"WebSite\",\"@id\":\"https:\/\/soniamunozpsicologia.com\/#website\",\"url\":\"https:\/\/soniamunozpsicologia.com\/\",\"name\":\"S\u00f2nia Mu\u00f1oz Psic\u00f2loga\",\"description\":\"El teu cam\u00ed cap al benestar\",\"potentialAction\":[{\"@type\":\"SearchAction\",\"target\":{\"@type\":\"EntryPoint\",\"urlTemplate\":\"https:\/\/soniamunozpsicologia.com\/?s={search_term_string}\"},\"query-input\":\"required name=search_term_string\"}],\"inLanguage\":\"es\"}]}<\/script>\n<!-- \/ Yoast SEO plugin. -->","yoast_head_json":{"title":"Especialista en terapia de parejas - S\u00f2nia Mu\u00f1oz Psic\u00f2loga","description":"Soy S\u00f2nia Mu\u00f1oz, especialista en terapia de parejas y acompa\u00f1o a personas adolescentes y adultas a sentirse mejor con ellas mismas.","robots":{"index":"index","follow":"follow","max-snippet":"max-snippet:-1","max-image-preview":"max-image-preview:large","max-video-preview":"max-video-preview:-1"},"canonical":"https:\/\/soniamunozpsicologia.com\/es\/sonia-munoz\/","og_locale":"es_ES","og_type":"article","og_title":"Especialista en terapia de parejas - S\u00f2nia Mu\u00f1oz Psic\u00f2loga","og_description":"Soy S\u00f2nia Mu\u00f1oz, especialista en terapia de parejas y acompa\u00f1o a personas adolescentes y adultas a sentirse mejor con ellas mismas.","og_url":"https:\/\/soniamunozpsicologia.com\/es\/sonia-munoz\/","og_site_name":"S\u00f2nia Mu\u00f1oz Psic\u00f2loga","article_modified_time":"2025-09-03T14:18:04+00:00","twitter_card":"summary_large_image","twitter_misc":{"Tiempo de lectura":"3 minutos"},"schema":{"@context":"https:\/\/schema.org","@graph":[{"@type":"WebPage","@id":"https:\/\/soniamunozpsicologia.com\/es\/sonia-munoz\/","url":"https:\/\/soniamunozpsicologia.com\/es\/sonia-munoz\/","name":"Especialista en terapia de parejas - S\u00f2nia Mu\u00f1oz Psic\u00f2loga","isPartOf":{"@id":"https:\/\/soniamunozpsicologia.com\/#website"},"datePublished":"2024-04-17T08:15:25+00:00","dateModified":"2025-09-03T14:18:04+00:00","description":"Soy S\u00f2nia Mu\u00f1oz, especialista en terapia de parejas y acompa\u00f1o a personas adolescentes y adultas a sentirse mejor con ellas mismas.","breadcrumb":{"@id":"https:\/\/soniamunozpsicologia.com\/es\/sonia-munoz\/#breadcrumb"},"inLanguage":"es","potentialAction":[{"@type":"ReadAction","target":["https:\/\/soniamunozpsicologia.com\/es\/sonia-munoz\/"]}]},{"@type":"BreadcrumbList","@id":"https:\/\/soniamunozpsicologia.com\/es\/sonia-munoz\/#breadcrumb","itemListElement":[{"@type":"ListItem","position":1,"name":"Home","item":"https:\/\/soniamunozpsicologia.com\/es\/"},{"@type":"ListItem","position":2,"name":"S\u00f2nia Mu\u00f1oz"}]},{"@type":"WebSite","@id":"https:\/\/soniamunozpsicologia.com\/#website","url":"https:\/\/soniamunozpsicologia.com\/","name":"S\u00f2nia Mu\u00f1oz Psic\u00f2loga","description":"El teu cam\u00ed cap al benestar","potentialAction":[{"@type":"SearchAction","target":{"@type":"EntryPoint","urlTemplate":"https:\/\/soniamunozpsicologia.com\/?s={search_term_string}"},"query-input":"required name=search_term_string"}],"inLanguage":"es"}]}},"_links":{"self":[{"href":"https:\/\/soniamunozpsicologia.com\/es\/wp-json\/wp\/v2\/pages\/2442","targetHints":{"allow":["GET"]}}],"collection":[{"href":"https:\/\/soniamunozpsicologia.com\/es\/wp-json\/wp\/v2\/pages"}],"about":[{"href":"https:\/\/soniamunozpsicologia.com\/es\/wp-json\/wp\/v2\/types\/page"}],"author":[{"embeddable":true,"href":"https:\/\/soniamunozpsicologia.com\/es\/wp-json\/wp\/v2\/users\/1"}],"replies":[{"embeddable":true,"href":"https:\/\/soniamunozpsicologia.com\/es\/wp-json\/wp\/v2\/comments?post=2442"}],"version-history":[{"count":10,"href":"https:\/\/soniamunozpsicologia.com\/es\/wp-json\/wp\/v2\/pages\/2442\/revisions"}],"predecessor-version":[{"id":2540,"href":"https:\/\/soniamunozpsicologia.com\/es\/wp-json\/wp\/v2\/pages\/2442\/revisions\/2540"}],"wp:attachment":[{"href":"https:\/\/soniamunozpsicologia.com\/es\/wp-json\/wp\/v2\/media?parent=2442"}],"curies":[{"name":"wp","href":"https:\/\/api.w.org\/{rel}","templated":true}]}}